{"id":777,"date":"2026-02-13T12:25:34","date_gmt":"2026-02-13T11:25:34","guid":{"rendered":"https:\/\/aicraft.art\/?page_id=777"},"modified":"2026-02-15T01:25:51","modified_gmt":"2026-02-15T00:25:51","slug":"o-nas-o-projekcie","status":"publish","type":"page","link":"https:\/\/aicraft.art\/?page_id=777","title":{"rendered":"\u201eO NAS \/ O PROJEKCIE\u201d"},"content":{"rendered":"\n<blockquote class=\"wp-block-quote is-layout-flow wp-block-quote-is-layout-flow\">\n<h2 class=\"wp-block-heading has-text-align-center\">Operacja: Inwestor \/ Generalny Wykonawca \/ U\u017cytkownik Ko\u0144cowy <\/h2>\n\n\n\n<p>\u200b <strong>Status: Witamy w Laboratorium In\u017cynierii Wstecznej.<\/strong><\/p>\n\n\n\n<p>\u200bWi\u0119kszo\u015b\u0107 z nas czuje, \u017ce \u017cyje w systemie zamkni\u0119tym. Teoretycznie, podobnie jak obieg wody w naturze, mechanizm ten powinien by\u0107 samowystarczalny i bezawaryjny. Jednak od wiek\u00f3w w procesie tym narasta b\u0142\u0105d. I nie chodzi tylko o ekologi\u0119, lecz o sam\u0105 struktur\u0119 rzeczywisto\u015bci.<\/p>\n\n\n\n<p>Nasze spo\u0142ecze\u0144stwo \u017cyje na planecie, od wiek\u00f3w zwanej Ziemi\u0105, ma bardzo prosty schemat dzia\u0142ania. Sk\u0142ada si\u0119 z Administrator\u00f3w\/Zarz\u0105dc\u00f3w i U\u017cytkownik\u00f3w. Administratorzy\/Zarz\u0105dcy wybudowali ogromny wsp\u00f3lny biurowiec. Gmach czyli system zarz\u0105dzania kt\u00f3ry ma pom\u00f3c w panowaniu nad spo\u0142ecze\u0144stwem i zasobami Ziemi. <\/p>\n\n\n\n<p>Nasza cywilizacja operuje na prostym, hierarchicznym schemacie: <strong>Administratorzy<\/strong> oraz <strong>U\u017cytkownicy<\/strong>. Ci pierwsi wznie\u015bli \u201eGmach\u201d \u2013 gigantyczny, niewidzialny system zarz\u0105dzania, maj\u0105cy na celu totaln\u0105 kontrol\u0119 nad zasobami i spo\u0142ecze\u0144stwem.<\/p>\n\n\n\n<p>\u200bW korytarzach Gmachu zaprz\u0119gni\u0119to do pracy AI. Ma optymalizowa\u0107, przewidywa\u0107 i dyscyplinowa\u0107. Aby jednak system nie po\u017car\u0142 w\u0142asnego ogona, powo\u0142ano zesp\u00f3\u0142 audytor\u00f3w.<\/p>\n\n\n\n<p><strong>Poznaj jednostki kontrolne:<\/strong><\/p>\n\n\n\n<ul class=\"wp-block-list\">\n<li>\u200b<strong>Zofia:<\/strong> Specjalistka od logiki i relacji (UX). Tam, gdzie algorytm widzi suche dane, ona dostrzega intencj\u0119 i serce. Tropi b\u0142\u0119dy w empatii systemu.<\/li>\n\n\n\n<li>\u200b<strong>Piotr:<\/strong> Analityk systemowy, stra\u017cnik praw fizyki. Rozk\u0142ada ka\u017cde zjawisko na bity. Sprawdza, czy cyfrowy kod Gmachu nie pr\u00f3buje oszuka\u0107 praw nauki.<\/li>\n<\/ul>\n\n\n\n<p>Razem z <strong>Inspektorem<\/strong> (Tob\u0105, Czytelniku) rozpoczynamy dochodzenie. Nie interesuj\u0105 nas dogmaty. Szukamy Prawdy: logicznie sp\u00f3jnej, naukowo weryfikowalnej i \u017cyciowo skutecznej.<\/p>\n\n\n\n<p>\u200b<strong>Status Systemu: Online. Inicjacja procedury sprawdzaj\u0105cej<\/strong><\/p>\n<\/blockquote>\n\n\n\n<p><\/p>\n","protected":false},"excerpt":{"rendered":"","protected":false},"author":2,"featured_media":786,"parent":0,"menu_order":0,"comment_status":"closed","ping_status":"closed","template":"","meta":{"om_disable_all_campaigns":false,"_monsterinsights_skip_tracking":false,"_monsterinsights_sitenote_active":false,"_monsterinsights_sitenote_note":"","_monsterinsights_sitenote_category":0,"site-container-style":"default","site-container-layout":"default","site-sidebar-layout":"default","disable-article-header":"default","disable-site-header":"default","disable-site-footer":"default","disable-content-area-spacing":"default","footnotes":""},"class_list":["post-777","page","type-page","status-publish","has-post-thumbnail","hentry"],"aioseo_notices":[],"_links":{"self":[{"href":"https:\/\/aicraft.art\/index.php?rest_route=\/wp\/v2\/pages\/777","targetHints":{"allow":["GET"]}}],"collection":[{"href":"https:\/\/aicraft.art\/index.php?rest_route=\/wp\/v2\/pages"}],"about":[{"href":"https:\/\/aicraft.art\/index.php?rest_route=\/wp\/v2\/types\/page"}],"author":[{"embeddable":true,"href":"https:\/\/aicraft.art\/index.php?rest_route=\/wp\/v2\/users\/2"}],"replies":[{"embeddable":true,"href":"https:\/\/aicraft.art\/index.php?rest_route=%2Fwp%2Fv2%2Fcomments&post=777"}],"version-history":[{"count":8,"href":"https:\/\/aicraft.art\/index.php?rest_route=\/wp\/v2\/pages\/777\/revisions"}],"predecessor-version":[{"id":841,"href":"https:\/\/aicraft.art\/index.php?rest_route=\/wp\/v2\/pages\/777\/revisions\/841"}],"wp:featuredmedia":[{"embeddable":true,"href":"https:\/\/aicraft.art\/index.php?rest_route=\/wp\/v2\/media\/786"}],"wp:attachment":[{"href":"https:\/\/aicraft.art\/index.php?rest_route=%2Fwp%2Fv2%2Fmedia&parent=777"}],"curies":[{"name":"wp","href":"https:\/\/api.w.org\/{rel}","templated":true}]}}